{"id":25763,"date":"2022-12-20T14:24:51","date_gmt":"2022-12-20T14:24:51","guid":{"rendered":"https:\/\/www.ivh10.si\/Ponudbe\/lado\/about-us-copy\/"},"modified":"2023-01-21T17:16:25","modified_gmt":"2023-01-21T17:16:25","slug":"sinhrone-bobnarske-palice-dynavox","status":"publish","type":"page","link":"https:\/\/www.drumsticksdynavox.com\/en\/sinhrone-bobnarske-palice-dynavox\/","title":{"rendered":"Sinhrone bobnarske palice \u2013 DynaVox"},"content":{"rendered":"<div data-elementor-type=\"wp-page\" data-elementor-id=\"25763\" class=\"elementor elementor-25763\">\n\t\t\t\t\t\t<div class=\"elementor-inner\">\n\t\t\t\t<div class=\"elementor-section-wrap\">\n\t\t\t\t\t\t\t\t\t<section class=\"elementor-section elementor-top-section elementor-element elementor-element-06afedb elementor-section-boxed elementor-section-height-default elementor-section-height-default\" data-id=\"06afedb\" data-element_type=\"section\" data-settings=\"{&quot;jet_parallax_layout_list&quot;:[{&quot;jet_parallax_layout_image&quot;:{&quot;url&quot;:&quot;&quot;,&quot;id&quot;:&quot;&quot;},&quot;_id&quot;:&quot;d3a2bce&quot;,&quot;jet_parallax_layout_image_tablet&quot;:{&quot;url&quot;:&quot;&quot;,&quot;id&quot;:&quot;&quot;},&quot;jet_parallax_layout_image_mobile&quot;:{&quot;url&quot;:&quot;&quot;,&quot;id&quot;:&quot;&quot;},&quot;jet_parallax_layout_speed&quot;:{&quot;unit&quot;:&quot;%&quot;,&quot;size&quot;:50,&quot;sizes&quot;:[]},&quot;jet_parallax_layout_type&quot;:&quot;scroll&quot;,&quot;jet_parallax_layout_direction&quot;:null,&quot;jet_parallax_layout_fx_direction&quot;:null,&quot;jet_parallax_layout_z_index&quot;:&quot;&quot;,&quot;jet_parallax_layout_bg_x&quot;:50,&quot;jet_parallax_layout_bg_x_tablet&quot;:&quot;&quot;,&quot;jet_parallax_layout_bg_x_mobile&quot;:&quot;&quot;,&quot;jet_parallax_layout_bg_y&quot;:50,&quot;jet_parallax_layout_bg_y_tablet&quot;:&quot;&quot;,&quot;jet_parallax_layout_bg_y_mobile&quot;:&quot;&quot;,&quot;jet_parallax_layout_bg_size&quot;:&quot;auto&quot;,&quot;jet_parallax_layout_bg_size_tablet&quot;:&quot;&quot;,&quot;jet_parallax_layout_bg_size_mobile&quot;:&quot;&quot;,&quot;jet_parallax_layout_animation_prop&quot;:&quot;transform&quot;,&quot;jet_parallax_layout_on&quot;:[&quot;desktop&quot;,&quot;tablet&quot;]}]}\">\n\t\t\t\t\t\t<div class=\"elementor-container elementor-column-gap-default\">\n\t\t\t\t\t\t\t<div class=\"elementor-row\">\n\t\t\t\t\t<div class=\"elementor-column elementor-col-100 elementor-top-column elementor-element elementor-element-43c122d\" data-id=\"43c122d\" data-element_type=\"column\">\n\t\t\t<div class=\"elementor-column-wrap elementor-element-populated\">\n\t\t\t\t\t\t\t<div class=\"elementor-widget-wrap\">\n\t\t\t\t\t\t<div class=\"elementor-element elementor-element-dab7fbc elementor-widget elementor-widget-heading\" data-id=\"dab7fbc\" data-element_type=\"widget\" data-widget_type=\"heading.default\">\n\t\t\t\t<div class=\"elementor-widget-container\">\n\t\t\t<h2 class=\"elementor-heading-title elementor-size-default\">Sinhrone bobnarske palice \u2013 DynaVox<\/h2>\t\t<\/div>\n\t\t\t\t<\/div>\n\t\t\t\t<div class=\"elementor-element elementor-element-b92c776 elementor-widget-divider--view-line elementor-widget elementor-widget-divider\" data-id=\"b92c776\" data-element_type=\"widget\" data-widget_type=\"divider.default\">\n\t\t\t\t<div class=\"elementor-widget-container\">\n\t\t\t\t\t<div class=\"elementor-divider\">\n\t\t\t<span class=\"elementor-divider-separator\">\n\t\t\t\t\t\t<\/span>\n\t\t<\/div>\n\t\t\t\t<\/div>\n\t\t\t\t<\/div>\n\t\t\t\t<div class=\"elementor-element elementor-element-19c6d93 elementor-widget elementor-widget-text-editor\" data-id=\"19c6d93\" data-element_type=\"widget\" data-widget_type=\"text-editor.default\">\n\t\t\t\t<div class=\"elementor-widget-container\">\n\t\t\t\t\t\t\t\t<div class=\"elementor-text-editor elementor-clearfix\">\n\t\t\t\t<p>Spo\u0161tovani bralec<\/p><p>Nekega \u010dudovitega spomladanskega dne, pred desetimi leti, sta dva mlada mo\u017ea diplomirala na glasbeni akademiji. Bila sta si zelo podobna, ta dva mladeni\u010da. Oba sta bila nadpovpre\u010dno nadarjena \u0161tudenta, oba sta bila \u017ee osebnosti \u2013 in kot je to obi\u010dajno pri mladih ljudeh sta bila polna ambicij in s sanjami o svoji prihodnosti.<\/p><p>Po desetih letih se ponovno sre\u010data na obletnici diplome.<\/p><p>\u0160e vedno sta si zelo podobna. Oba sta sre\u010dno poro\u010dena in imata po dva otroka. In oba, kot sta ugotovila, hodita vsak dan na vaje v svoje glasbeno okolje v katerem delujeta od diplome dalje.<\/p><p>Toda med njima obstoja razlika. Eden od teh mo\u017e je redni \u010dlan lokalnega ansambla s povpre\u010dimi dohodki, kljub velikemu obsegu dela. Drugi pa igra bobne v ve\u010d znanih glasbenih skupinah z lepo ter uspe\u0161no glasbeno kariero.<\/p>\t\t\t\t\t<\/div>\n\t\t\t\t\t\t<\/div>\n\t\t\t\t<\/div>\n\t\t\t\t<div class=\"elementor-element elementor-element-3721333 elementor-widget elementor-widget-text-editor\" data-id=\"3721333\" data-element_type=\"widget\" data-widget_type=\"text-editor.default\">\n\t\t\t\t<div class=\"elementor-widget-container\">\n\t\t\t\t\t\t\t\t<div class=\"elementor-text-editor elementor-clearfix\">\n\t\t\t\t<h3><strong>Kaj omogo\u010da to razliko<\/strong><\/h3><p>Ali ste se podobno, kot sem to storil jaz, \u017ee kdaj vpra\u0161ali, kaj dela v \u017eivljenju med ljudmi tako velike razlike? To ni zaradi naravne inteligence, talenta ali predanosti delu. To ni vsled tega, ker nekdo \u017eeli opravljati svoje poslanstvo la\u017eje, drugi pa ne.<\/p><p>Razlika le\u017ei v temu, kaj vsaka oseba zna in kako on ali ona uporabljata to znanje.<\/p><p>In to je razlog zakaj vam in va\u0161im kolegom pi\u0161em to pismo o pomembnih razlikah in novostih. Novostih in prednostih, ki jih prina\u0161ajo Dynavox t.i. <em>sinhrone palice<\/em> v eri sodobne akusti\u010dne glasbe. Za vse tiste, ki jim je pomembno ustvarjati glasbo v toku \u010dasa in dogodkov: dati svojemu nastopu mo\u010d, znanje in karizmo, ki je potrebna na glasbeni sceni.<\/p>\t\t\t\t\t<\/div>\n\t\t\t\t\t\t<\/div>\n\t\t\t\t<\/div>\n\t\t\t\t<div class=\"elementor-element elementor-element-6bde2db elementor-widget elementor-widget-text-editor\" data-id=\"6bde2db\" data-element_type=\"widget\" data-widget_type=\"text-editor.default\">\n\t\t\t\t<div class=\"elementor-widget-container\">\n\t\t\t\t\t\t\t\t<div class=\"elementor-text-editor elementor-clearfix\">\n\t\t\t\t<h3><strong>Sinhroni balans, ki mu ni konkurence<\/strong><\/h3><p>Kot boste videli, so DynaVox palice izjemna izbira. Namenjene vsem tistim bobnarjem, ki vsakodnevno ustvarjajo svojo glasbo. Vsak delovni dan prilagojen tip palic nudi expertni balans in svojstveno podporo uporabniku.<\/p><p>Sinhrone palice vsak delovni dan pomembno olaj\u0161ajo izvajanje glasbe ne glede na to katero zvrst igramo ali od kod smo. Ne samo kreiranje avtorske glasbe, temve\u010d tudi hitre in enostavne priredbe, analize in izveba zahtevnih bobnarskih pasa\u017e, visoka \u017eivljenska doba\u2026 DynaVox palice vam dajejo pomembno poslovno prednost pred konkurenco \u2013 ki jo danes potrebujete bolj kod kdajkoli prej.<\/p><p>Ravno sedaj opravljam zahtevno snemanje za pomembnega naro\u010dnika bodo\u010de turneje. Snemanje je enostavno in v celoti pod dinami\u010dno kontrolo od zamisli, hitre menjave zvoka, dinamiko pa dose\u017eem mnogo la\u017eje kot pri drugih palicah. Ob\u010dutek svobode inoviranja in prvobitni glasbeni pristop mi omogo\u010dajo patentirane odlike kot so: sinhroni balans , originalna oblika glavic, utrjena lesna povr\u0161ina, unikatno izbrani materiali, prilagojen kinemati\u010dni odziv custom modelov in drugo.<\/p><p>In tukaj je \u0161e uporaba, ki na prijazen na\u010din podpira \u0161ir\u0161o 3D postavitev bobnarske garniture. Zmogljive in vdr\u017eljive DynaVox palice prvi\u010d dopu\u0161\u010dajo izjemno dolgo \u017eivljensko dobo. Delo znotraj mojega seta bobnov mi dovoljuje spro\u0161\u010deno ustvarjati, pomemben pa postane predvsem umetni\u0161ki izziv \u00bbkaj \u017eelim igrati\u00ab in ne toliko \u00bbkako moram igrati\u00ab.<\/p>\t\t\t\t\t<\/div>\n\t\t\t\t\t\t<\/div>\n\t\t\t\t<\/div>\n\t\t\t\t\t\t<\/div>\n\t\t\t\t\t<\/div>\n\t\t<\/div>\n\t\t\t\t\t\t\t\t<\/div>\n\t\t\t\t\t<\/div>\n\t\t<\/section>\n\t\t\t\t<section class=\"elementor-section elementor-top-section elementor-element elementor-element-8c08d0d elementor-section-boxed elementor-section-height-default elementor-section-height-default\" data-id=\"8c08d0d\" data-element_type=\"section\" data-settings=\"{&quot;jet_parallax_layout_list&quot;:[{&quot;jet_parallax_layout_image&quot;:{&quot;url&quot;:&quot;&quot;,&quot;id&quot;:&quot;&quot;},&quot;_id&quot;:&quot;4e2866c&quot;,&quot;jet_parallax_layout_image_tablet&quot;:{&quot;url&quot;:&quot;&quot;,&quot;id&quot;:&quot;&quot;},&quot;jet_parallax_layout_image_mobile&quot;:{&quot;url&quot;:&quot;&quot;,&quot;id&quot;:&quot;&quot;},&quot;jet_parallax_layout_speed&quot;:{&quot;unit&quot;:&quot;%&quot;,&quot;size&quot;:50,&quot;sizes&quot;:[]},&quot;jet_parallax_layout_type&quot;:&quot;scroll&quot;,&quot;jet_parallax_layout_direction&quot;:null,&quot;jet_parallax_layout_fx_direction&quot;:null,&quot;jet_parallax_layout_z_index&quot;:&quot;&quot;,&quot;jet_parallax_layout_bg_x&quot;:50,&quot;jet_parallax_layout_bg_x_tablet&quot;:&quot;&quot;,&quot;jet_parallax_layout_bg_x_mobile&quot;:&quot;&quot;,&quot;jet_parallax_layout_bg_y&quot;:50,&quot;jet_parallax_layout_bg_y_tablet&quot;:&quot;&quot;,&quot;jet_parallax_layout_bg_y_mobile&quot;:&quot;&quot;,&quot;jet_parallax_layout_bg_size&quot;:&quot;auto&quot;,&quot;jet_parallax_layout_bg_size_tablet&quot;:&quot;&quot;,&quot;jet_parallax_layout_bg_size_mobile&quot;:&quot;&quot;,&quot;jet_parallax_layout_animation_prop&quot;:&quot;transform&quot;,&quot;jet_parallax_layout_on&quot;:[&quot;desktop&quot;,&quot;tablet&quot;]}]}\">\n\t\t\t\t\t\t<div class=\"elementor-container elementor-column-gap-default\">\n\t\t\t\t\t\t\t<div class=\"elementor-row\">\n\t\t\t\t\t<div class=\"elementor-column elementor-col-33 elementor-top-column elementor-element elementor-element-d4b10da\" data-id=\"d4b10da\" data-element_type=\"column\">\n\t\t\t<div class=\"elementor-column-wrap elementor-element-populated\">\n\t\t\t\t\t\t\t<div class=\"elementor-widget-wrap\">\n\t\t\t\t\t\t<div class=\"elementor-element elementor-element-c892d35 elementor-aspect-ratio-169 elementor-widget elementor-widget-video\" data-id=\"c892d35\" data-element_type=\"widget\" data-settings=\"{&quot;youtube_url&quot;:&quot;https:\\\/\\\/www.youtube.com\\\/watch?v=HC3VXa9FoH0&amp;ab_channel=oliverzisko&quot;,&quot;video_type&quot;:&quot;youtube&quot;,&quot;controls&quot;:&quot;yes&quot;,&quot;aspect_ratio&quot;:&quot;169&quot;}\" data-widget_type=\"video.default\">\n\t\t\t\t<div class=\"elementor-widget-container\">\n\t\t\t\t\t<div class=\"elementor-wrapper elementor-fit-aspect-ratio elementor-open-inline\">\n\t\t\t<div class=\"elementor-video\"><\/div>\t\t<\/div>\n\t\t\t\t<\/div>\n\t\t\t\t<\/div>\n\t\t\t\t\t\t<\/div>\n\t\t\t\t\t<\/div>\n\t\t<\/div>\n\t\t\t\t<div class=\"elementor-column elementor-col-33 elementor-top-column elementor-element elementor-element-a7a3149\" data-id=\"a7a3149\" data-element_type=\"column\">\n\t\t\t<div class=\"elementor-column-wrap elementor-element-populated\">\n\t\t\t\t\t\t\t<div class=\"elementor-widget-wrap\">\n\t\t\t\t\t\t<div class=\"elementor-element elementor-element-26ca21f elementor-widget elementor-widget-image\" data-id=\"26ca21f\" data-element_type=\"widget\" data-widget_type=\"image.default\">\n\t\t\t\t<div class=\"elementor-widget-container\">\n\t\t\t\t\t\t\t\t<div class=\"elementor-image\">\n\t\t\t\t\t\t\t\t\t\t\t\t<img decoding=\"async\" width=\"467\" height=\"434\" src=\"https:\/\/www.drumsticksdynavox.com\/wp-content\/uploads\/2021\/02\/logo-dynaVOX.jpg\" class=\"attachment-large size-large wp-image-24810\" alt=\"logo dynavox\" \/>\t\t\t\t\t\t\t\t\t\t\t\t\t\t<\/div>\n\t\t\t\t\t\t<\/div>\n\t\t\t\t<\/div>\n\t\t\t\t\t\t<\/div>\n\t\t\t\t\t<\/div>\n\t\t<\/div>\n\t\t\t\t<div class=\"elementor-column elementor-col-33 elementor-top-column elementor-element elementor-element-19dabcd\" data-id=\"19dabcd\" data-element_type=\"column\">\n\t\t\t<div class=\"elementor-column-wrap elementor-element-populated\">\n\t\t\t\t\t\t\t<div class=\"elementor-widget-wrap\">\n\t\t\t\t\t\t<div class=\"elementor-element elementor-element-81548b9 elementor-aspect-ratio-169 elementor-widget elementor-widget-video\" data-id=\"81548b9\" data-element_type=\"widget\" data-settings=\"{&quot;youtube_url&quot;:&quot;https:\\\/\\\/www.youtube.com\\\/watch?v=lAnTk2xv6m4&amp;ab_channel=StephenKern&quot;,&quot;video_type&quot;:&quot;youtube&quot;,&quot;controls&quot;:&quot;yes&quot;,&quot;aspect_ratio&quot;:&quot;169&quot;}\" data-widget_type=\"video.default\">\n\t\t\t\t<div class=\"elementor-widget-container\">\n\t\t\t\t\t<div class=\"elementor-wrapper elementor-fit-aspect-ratio elementor-open-inline\">\n\t\t\t<div class=\"elementor-video\"><\/div>\t\t<\/div>\n\t\t\t\t<\/div>\n\t\t\t\t<\/div>\n\t\t\t\t\t\t<\/div>\n\t\t\t\t\t<\/div>\n\t\t<\/div>\n\t\t\t\t\t\t\t\t<\/div>\n\t\t\t\t\t<\/div>\n\t\t<\/section>\n\t\t\t\t<section class=\"elementor-section elementor-top-section elementor-element elementor-element-328b455 elementor-reverse-tablet elementor-reverse-mobile elementor-section-boxed elementor-section-height-default elementor-section-height-default\" data-id=\"328b455\" data-element_type=\"section\" data-settings=\"{&quot;jet_parallax_layout_list&quot;:[{&quot;jet_parallax_layout_image&quot;:{&quot;url&quot;:&quot;&quot;,&quot;id&quot;:&quot;&quot;},&quot;_id&quot;:&quot;d3a2bce&quot;,&quot;jet_parallax_layout_image_tablet&quot;:{&quot;url&quot;:&quot;&quot;,&quot;id&quot;:&quot;&quot;},&quot;jet_parallax_layout_image_mobile&quot;:{&quot;url&quot;:&quot;&quot;,&quot;id&quot;:&quot;&quot;},&quot;jet_parallax_layout_speed&quot;:{&quot;unit&quot;:&quot;%&quot;,&quot;size&quot;:50,&quot;sizes&quot;:[]},&quot;jet_parallax_layout_type&quot;:&quot;scroll&quot;,&quot;jet_parallax_layout_direction&quot;:null,&quot;jet_parallax_layout_fx_direction&quot;:null,&quot;jet_parallax_layout_z_index&quot;:&quot;&quot;,&quot;jet_parallax_layout_bg_x&quot;:50,&quot;jet_parallax_layout_bg_x_tablet&quot;:&quot;&quot;,&quot;jet_parallax_layout_bg_x_mobile&quot;:&quot;&quot;,&quot;jet_parallax_layout_bg_y&quot;:50,&quot;jet_parallax_layout_bg_y_tablet&quot;:&quot;&quot;,&quot;jet_parallax_layout_bg_y_mobile&quot;:&quot;&quot;,&quot;jet_parallax_layout_bg_size&quot;:&quot;auto&quot;,&quot;jet_parallax_layout_bg_size_tablet&quot;:&quot;&quot;,&quot;jet_parallax_layout_bg_size_mobile&quot;:&quot;&quot;,&quot;jet_parallax_layout_animation_prop&quot;:&quot;transform&quot;,&quot;jet_parallax_layout_on&quot;:[&quot;desktop&quot;,&quot;tablet&quot;]}]}\">\n\t\t\t\t\t\t<div class=\"elementor-container elementor-column-gap-default\">\n\t\t\t\t\t\t\t<div class=\"elementor-row\">\n\t\t\t\t\t<div class=\"elementor-column elementor-col-100 elementor-top-column elementor-element elementor-element-e431352\" data-id=\"e431352\" data-element_type=\"column\">\n\t\t\t<div class=\"elementor-column-wrap elementor-element-populated\">\n\t\t\t\t\t\t\t<div class=\"elementor-widget-wrap\">\n\t\t\t\t\t\t<div class=\"elementor-element elementor-element-201745a elementor-widget elementor-widget-text-editor\" data-id=\"201745a\" data-element_type=\"widget\" data-widget_type=\"text-editor.default\">\n\t\t\t\t<div class=\"elementor-widget-container\">\n\t\t\t\t\t\t\t\t<div class=\"elementor-text-editor elementor-clearfix\">\n\t\t\t\t<h2><strong>Eno mese\u010dno testiranje palic<\/strong><\/h2>\n<p>Vsem tistim, ki \u0161e ne uporabljate DynaVox palic, nudimo do 1 mese\u010dno expertno brezpla\u010dno testiranje za en izbrani par. To je najdalj\u0161e mo\u017eno obdobje, ki ga nudimo a je odli\u010den na\u010din, da sami spoznate vse prednosti. Oziroma \u0161e bolje: v dogovorjenemu \u010dasu boste lahko razvijali svojo glasbo, opravili potrebne zvo\u010dne analize ali se odlo\u010dili za morebitni \u00bbcustom model\u00ab.<\/p>\n<p>Preprosto pokli\u010dite nas, da na skupnemu pogovoru ugotovimo va\u0161e \u017eelje, potrebe in zahteve.<\/p>\n<p>In tukaj je \u0161e na\u0161a garancija: \u010de palice ne bodo delovale po objavljenih lastnostih in prednostih, lahko dogovor o testiranju kadarkoli prekinete, stro\u0161ke ve\u010dih testnih modelov pa sorazmerno povrnemo naro\u010dniku.<\/p>\n<p>\u010ce podobno kot mi razumete to kot po\u0161teno in racionalno ponudbo, potem boste spoznali, da DynaVox lahko prina\u0161a koristi tudi vam, tako kot stotinam drugih uporabnikov. Odlo\u010dite se za testiranje sedaj mi pa vam bomo nemudoma nudili vso na\u0161o tehni\u010dno pomo\u010d.<\/p>\n<p>O tistih dveh prijateljih in so\u0161olcih, ki sem jih omenil na za\u010detku tega pisma: diplomirala sta skupaj in hkrati pri\u010dela kariero v poslovnemu svetu. Torej kaj je vzrok za njuno razli\u010dno uspe\u0161nost?<\/p>\n<p>Znanje. Sodobno znanje. In njegova uporaba.<\/p>\t\t\t\t\t<\/div>\n\t\t\t\t\t\t<\/div>\n\t\t\t\t<\/div>\n\t\t\t\t<div class=\"elementor-element elementor-element-22184ab elementor-widget elementor-widget-text-editor\" data-id=\"22184ab\" data-element_type=\"widget\" data-widget_type=\"text-editor.default\">\n\t\t\t\t<div class=\"elementor-widget-container\">\n\t\t\t\t\t\t\t\t<div class=\"elementor-text-editor elementor-clearfix\">\n\t\t\t\t<h2><strong>Uspe\u0161nost investicije<\/strong><\/h2><p>Ne morem vam obljubiti stalnega poslovnega uspeha samo zato, ker boste uporabljali DynaVox sinhrone palice. Lahko pa vam zagotovim, da boste spoznali, da vam bo uporaba teh omogo\u010dala napredek pri razvijanju tehnike, takoj\u0161nje prihranke\u00a0 in stalno prednost pred konkurenco.<\/p><p>Iskren pozdrav,<\/p><p>Lado \u010cerno\u0161<\/p><p>\u00a0<\/p><p>P.S. Pomembno je tudi, da je DynaVox oprema Slovenskega izvora in vedno na zalogi.<\/p>\t\t\t\t\t<\/div>\n\t\t\t\t\t\t<\/div>\n\t\t\t\t<\/div>\n\t\t\t\t\t\t<\/div>\n\t\t\t\t\t<\/div>\n\t\t<\/div>\n\t\t\t\t\t\t\t\t<\/div>\n\t\t\t\t\t<\/div>\n\t\t<\/section>\n\t\t\t\t\t\t\t\t\t<\/div>\n\t\t\t<\/div>\n\t\t\t\t\t<\/div>","protected":false},"excerpt":{"rendered":"<p>Sinhrone bobnarske palice \u2013 DynaVox Spo\u0161tovani bralec Nekega \u010dudovitega spomladanskega dne, pred desetimi leti, sta dva mlada mo\u017ea diplomirala na glasbeni akademiji. Bila sta si zelo podobna, ta dva mladeni\u010da. Oba sta bila nadpovpre\u010dno nadarjena \u0161tudenta, oba sta bila \u017ee osebnosti \u2013 in kot je to obi\u010dajno pri mladih ljudeh sta bila polna ambicij in [&hellip;]<\/p>","protected":false},"author":1,"featured_media":0,"parent":0,"menu_order":0,"comment_status":"closed","ping_status":"closed","template":"","meta":[],"_links":{"self":[{"href":"https:\/\/www.drumsticksdynavox.com\/en\/wp-json\/wp\/v2\/pages\/25763"}],"collection":[{"href":"https:\/\/www.drumsticksdynavox.com\/en\/wp-json\/wp\/v2\/pages"}],"about":[{"href":"https:\/\/www.drumsticksdynavox.com\/en\/wp-json\/wp\/v2\/types\/page"}],"author":[{"embeddable":true,"href":"https:\/\/www.drumsticksdynavox.com\/en\/wp-json\/wp\/v2\/users\/1"}],"replies":[{"embeddable":true,"href":"https:\/\/www.drumsticksdynavox.com\/en\/wp-json\/wp\/v2\/comments?post=25763"}],"version-history":[{"count":0,"href":"https:\/\/www.drumsticksdynavox.com\/en\/wp-json\/wp\/v2\/pages\/25763\/revisions"}],"wp:attachment":[{"href":"https:\/\/www.drumsticksdynavox.com\/en\/wp-json\/wp\/v2\/media?parent=25763"}],"curies":[{"name":"wp","href":"https:\/\/api.w.org\/{rel}","templated":true}]}}